{"id":20,"date":"2024-01-22T11:38:57","date_gmt":"2024-01-22T10:38:57","guid":{"rendered":"https:\/\/lamaisonrouge-albertville.fr\/?page_id=20"},"modified":"2024-01-24T11:24:41","modified_gmt":"2024-01-24T10:24:41","slug":"ou-sommes-nous","status":"publish","type":"page","link":"https:\/\/lamaisonrouge-albertville.fr\/index.php\/ou-sommes-nous\/","title":{"rendered":"Localisation"},"content":{"rendered":"\n<div class=\"wp-block-group alignfull has-base-2-background-color has-background is-layout-flow wp-block-group-is-layout-flow\" style=\"margin-top:0;margin-bottom:0;padding-top:var(--wp--preset--spacing--50);padding-right:var(--wp--preset--spacing--50);padding-bottom:var(--wp--preset--spacing--50);padding-left:var(--wp--preset--spacing--50)\">\n<div class=\"wp-block-columns alignwide is-layout-flex wp-container-core-columns-is-layout-28f84493 wp-block-columns-is-layout-flex\">\n<div class=\"wp-block-column is-layout-flow wp-block-column-is-layout-flow\" style=\"flex-basis:100%\">\n<blockquote class=\"wp-block-quote is-style-default has-base-2-color has-accent-3-background-color has-text-color has-background has-link-color has-large-font-size wp-elements-de9d1a4c675e2742c019b0e76fb4e28b is-layout-flow wp-block-quote-is-layout-flow\">\n<p class=\"has-text-align-center has-body-font-family has-large-font-size\" style=\"line-height:1.2\">Situation privil\u00e9gi\u00e9e \u00e0 200 m\u00e8tres de la gare et \u00e0 800m du centre-ville. <\/p>\n\n\n\n<p class=\"has-text-align-center has-body-font-family has-large-font-size\" style=\"line-height:1.2\">Stations familiales \u00e0 proximit\u00e9 : La Sambuy \u00e0 24 km, les Saisies \u00e0 33 km. <\/p>\n<\/blockquote>\n<\/div>\n<\/div>\n\n\n\n<div class=\"wp-block-columns is-layout-flex wp-container-core-columns-is-layout-28f84493 wp-block-columns-is-layout-flex\">\n<div class=\"wp-block-column is-vertically-aligned-center is-layout-flow wp-container-core-column-is-layout-b108c007 wp-block-column-is-layout-flow\" style=\"border-width:2px;padding-right:0;padding-left:0;flex-basis:100%\">\t\t<div\n            id=\"wpmapblock_6c855ab4\"\n            data-settings='{&quot;map_marker&quot;:[{&quot;lat&quot;:&quot;23.7806365&quot;,&quot;lng&quot;:&quot;90.4193257&quot;,&quot;title&quot;:&quot;Bangladesh&quot;,&quot;content&quot;:&quot;A Beautiful Country&quot;,&quot;iconType&quot;:&quot;default&quot;,&quot;customIconUrl&quot;:&quot;&quot;,&quot;customIconWidth&quot;:&quot;25&quot;,&quot;customIconHeight&quot;:&quot;40&quot;},{&quot;lat&quot;:&quot;45.6713606&quot;,&quot;lng&quot;:&quot;6.3805048&quot;,&quot;title&quot;:&quot;La Maison Rouge Albertville&quot;,&quot;content&quot;:&quot;&quot;,&quot;iconType&quot;:&quot;custom&quot;,&quot;customIconUrl&quot;:&quot;http:\\\/\\\/lamaisonrouge-albertville.fr\\\/wp-content\\\/uploads\\\/2024\\\/01\\\/LaMaisonRouge-1.png&quot;,&quot;customIconWidth&quot;:&quot;50&quot;,&quot;customIconHeight&quot;:&quot;43&quot;}],&quot;map_zoom&quot;:&quot;16&quot;,&quot;scroll_wheel_zoom&quot;:false,&quot;map_type&quot;:&quot;GM&quot;,&quot;center_index&quot;:1}'\n            class=\"wpmapblockrender\"\n            style=\"\n\t\t\twidth: 100%;\n\t\t\theight: 700px;\n\t\t\"\n            >\n        <\/div>\n        <\/div>\n<\/div>\n\n\n\n<figure data-wp-context=\"{&quot;imageId&quot;:&quot;69d5293c3124b&quot;}\" data-wp-interactive=\"core\/image\" data-wp-key=\"69d5293c3124b\" class=\"wp-block-image alignwide size-large is-style-rounded is-style-rounded--1 wp-lightbox-container\"><img loading=\"lazy\" decoding=\"async\" width=\"1024\" height=\"768\" data-wp-class--hide=\"state.isContentHidden\" data-wp-class--show=\"state.isContentVisible\" data-wp-init=\"callbacks.setButtonStyles\" data-wp-on--click=\"actions.showLightbox\" data-wp-on--load=\"callbacks.setButtonStyles\" data-wp-on-window--resize=\"callbacks.setButtonStyles\" src=\"http:\/\/lamaisonrouge-albertville.fr\/wp-content\/uploads\/2024\/01\/IMG_0810-1024x768.jpg\" alt=\"\" class=\"wp-image-48\" srcset=\"https:\/\/lamaisonrouge-albertville.fr\/wp-content\/uploads\/2024\/01\/IMG_0810-1024x768.jpg 1024w, https:\/\/lamaisonrouge-albertville.fr\/wp-content\/uploads\/2024\/01\/IMG_0810-300x225.jpg 300w, https:\/\/lamaisonrouge-albertville.fr\/wp-content\/uploads\/2024\/01\/IMG_0810-768x576.jpg 768w, https:\/\/lamaisonrouge-albertville.fr\/wp-content\/uploads\/2024\/01\/IMG_0810-1536x1152.jpg 1536w, https:\/\/lamaisonrouge-albertville.fr\/wp-content\/uploads\/2024\/01\/IMG_0810-2048x1536.jpg 2048w\" sizes=\"auto, (max-width: 1024px) 100vw, 1024px\" \/><button\n\t\t\tclass=\"lightbox-trigger\"\n\t\t\ttype=\"button\"\n\t\t\taria-haspopup=\"dialog\"\n\t\t\taria-label=\"Agrandir\"\n\t\t\tdata-wp-init=\"callbacks.initTriggerButton\"\n\t\t\tdata-wp-on--click=\"actions.showLightbox\"\n\t\t\tdata-wp-style--right=\"state.imageButtonRight\"\n\t\t\tdata-wp-style--top=\"state.imageButtonTop\"\n\t\t>\n\t\t\t<svg xmlns=\"http:\/\/www.w3.org\/2000\/svg\" width=\"12\" height=\"12\" fill=\"none\" viewBox=\"0 0 12 12\">\n\t\t\t\t<path fill=\"#fff\" d=\"M2 0a2 2 0 0 0-2 2v2h1.5V2a.5.5 0 0 1 .5-.5h2V0H2Zm2 10.5H2a.5.5 0 0 1-.5-.5V8H0v2a2 2 0 0 0 2 2h2v-1.5ZM8 12v-1.5h2a.5.5 0 0 0 .5-.5V8H12v2a2 2 0 0 1-2 2H8Zm2-12a2 2 0 0 1 2 2v2h-1.5V2a.5.5 0 0 0-.5-.5H8V0h2Z\" \/>\n\t\t\t<\/svg>\n\t\t<\/button><\/figure>\n<\/div>\n","protected":false},"excerpt":{"rendered":"<p>Situation privil\u00e9gi\u00e9e \u00e0 200 m\u00e8tres de la gare et \u00e0 800m du centre-ville. Stations familiales \u00e0 proximit\u00e9 : La Sambuy \u00e0 24 km, les Saisies \u00e0 33 km.<\/p>\n","protected":false},"author":1,"featured_media":0,"parent":0,"menu_order":0,"comment_status":"closed","ping_status":"closed","template":"","meta":{"footnotes":""},"class_list":["post-20","page","type-page","status-publish","hentry"],"_links":{"self":[{"href":"https:\/\/lamaisonrouge-albertville.fr\/index.php\/wp-json\/wp\/v2\/pages\/20","targetHints":{"allow":["GET"]}}],"collection":[{"href":"https:\/\/lamaisonrouge-albertville.fr\/index.php\/wp-json\/wp\/v2\/pages"}],"about":[{"href":"https:\/\/lamaisonrouge-albertville.fr\/index.php\/wp-json\/wp\/v2\/types\/page"}],"author":[{"embeddable":true,"href":"https:\/\/lamaisonrouge-albertville.fr\/index.php\/wp-json\/wp\/v2\/users\/1"}],"replies":[{"embeddable":true,"href":"https:\/\/lamaisonrouge-albertville.fr\/index.php\/wp-json\/wp\/v2\/comments?post=20"}],"version-history":[{"count":16,"href":"https:\/\/lamaisonrouge-albertville.fr\/index.php\/wp-json\/wp\/v2\/pages\/20\/revisions"}],"predecessor-version":[{"id":139,"href":"https:\/\/lamaisonrouge-albertville.fr\/index.php\/wp-json\/wp\/v2\/pages\/20\/revisions\/139"}],"wp:attachment":[{"href":"https:\/\/lamaisonrouge-albertville.fr\/index.php\/wp-json\/wp\/v2\/media?parent=20"}],"curies":[{"name":"wp","href":"https:\/\/api.w.org\/{rel}","templated":true}]}}